{"id":1778,"date":"2025-12-26T05:56:46","date_gmt":"2025-12-26T05:56:46","guid":{"rendered":"https:\/\/vovsmart.com\/?page_id=1778"},"modified":"2026-03-13T00:31:29","modified_gmt":"2026-03-13T00:31:29","slug":"core-technology","status":"publish","type":"page","link":"https:\/\/vovsmart.com\/de\/core-technology\/","title":{"rendered":"Kerntechnologie"},"content":{"rendered":"<div data-elementor-type=\"wp-page\" data-elementor-id=\"1778\" class=\"elementor elementor-1778\" data-elementor-post-type=\"page\">\n\t\t\t\t<div class=\"elementor-element elementor-element-501f287d e-flex e-con-boxed e-con e-parent\" data-id=\"501f287d\" data-element_type=\"container\" data-e-type=\"container\">\n\t\t\t\t\t<div class=\"e-con-inner\">\n\t\t<div class=\"elementor-element elementor-element-7297e22b e-con-full e-flex e-con e-child\" data-id=\"7297e22b\" data-element_type=\"container\" data-e-type=\"container\">\n\t\t\t\t<div class=\"elementor-element elementor-element-2f6b7efe elementor-widget elementor-widget-heading\" data-id=\"2f6b7efe\" data-element_type=\"widget\" data-e-type=\"widget\" data-widget_type=\"heading.default\">\n\t\t\t\t<div class=\"elementor-widget-container\">\n\t\t\t\t\t<h2 class=\"elementor-heading-title elementor-size-default\">Kerntechnologie<\/h2>\t\t\t\t<\/div>\n\t\t\t\t<\/div>\n\t\t\t\t<\/div>\n\t\t<div class=\"elementor-element elementor-element-1c669eb4 e-con-full e-flex e-con e-child\" data-id=\"1c669eb4\" data-element_type=\"container\" data-e-type=\"container\">\n\t\t\t\t<div class=\"elementor-element elementor-element-f7cc439 elementor-widget elementor-widget-heading\" data-id=\"f7cc439\" data-element_type=\"widget\" data-e-type=\"widget\" data-widget_type=\"heading.default\">\n\t\t\t\t<div class=\"elementor-widget-container\">\n\t\t\t\t\t<p class=\"elementor-heading-title elementor-size-default\">Intelligenter atmen, nicht schwerer.\nIntelligentes Luftmanagement mit pr\u00e4ziser Lasersteuerung f\u00fcr unbeschwerte Ruhe.<\/p>\t\t\t\t<\/div>\n\t\t\t\t<\/div>\n\t\t\t\t<\/div>\n\t\t\t\t\t<\/div>\n\t\t\t\t<\/div>\n\t\t<div class=\"elementor-element elementor-element-15fa748 e-flex e-con-boxed e-con e-parent\" data-id=\"15fa748\" data-element_type=\"container\" data-e-type=\"container\">\n\t\t\t\t\t<div class=\"e-con-inner\">\n\t\t<div class=\"elementor-element elementor-element-6739cc7 e-con-full e-flex e-con e-child\" data-id=\"6739cc7\" data-element_type=\"container\" data-e-type=\"container\">\n\t\t\t\t<div class=\"elementor-element elementor-element-03fa92e elementor-widget elementor-widget-heading\" data-id=\"03fa92e\" data-element_type=\"widget\" data-e-type=\"widget\" data-widget_type=\"heading.default\">\n\t\t\t\t<div class=\"elementor-widget-container\">\n\t\t\t\t\t<h2 class=\"elementor-heading-title elementor-size-default\">Verdecktes rahmenloses Design<\/h2>\t\t\t\t<\/div>\n\t\t\t\t<\/div>\n\t\t\t\t<div class=\"elementor-element elementor-element-1c3cdc2 elementor-widget elementor-widget-text-editor\" data-id=\"1c3cdc2\" data-element_type=\"widget\" data-e-type=\"widget\" data-widget_type=\"text-editor.default\">\n\t\t\t\t<div class=\"elementor-widget-container\">\n\t\t\t\t\t\t\t\t\t<p>Integrates seamlessly with the ceiling, presenting a minimalist aesthetic.<\/p>\t\t\t\t\t\t\t\t<\/div>\n\t\t\t\t<\/div>\n\t\t\t\t<\/div>\n\t\t<div class=\"elementor-element elementor-element-04a210c e-con-full e-flex e-con e-child\" data-id=\"04a210c\" data-element_type=\"container\" data-e-type=\"container\" data-settings=\"{&quot;background_background&quot;:&quot;classic&quot;}\">\n\t\t\t\t<\/div>\n\t\t\t\t\t<\/div>\n\t\t\t\t<\/div>\n\t\t<div class=\"elementor-element elementor-element-e9362f3 e-flex e-con-boxed e-con e-parent\" data-id=\"e9362f3\" data-element_type=\"container\" data-e-type=\"container\">\n\t\t\t\t\t<div class=\"e-con-inner\">\n\t\t<div class=\"elementor-element elementor-element-6cfde52 e-con-full e-flex e-con e-child\" data-id=\"6cfde52\" data-element_type=\"container\" data-e-type=\"container\">\n\t\t\t\t<div class=\"elementor-element elementor-element-930b162 elementor-widget elementor-widget-heading\" data-id=\"930b162\" data-element_type=\"widget\" data-e-type=\"widget\" data-widget_type=\"heading.default\">\n\t\t\t\t<div class=\"elementor-widget-container\">\n\t\t\t\t\t<h2 class=\"elementor-heading-title elementor-size-default\">Intelligenter Luftmanager:\nLuftsensor + LOGO-Lichtanzeige<\/h2>\t\t\t\t<\/div>\n\t\t\t\t<\/div>\n\t\t\t\t<\/div>\n\t\t<div class=\"elementor-element elementor-element-bd61868 e-con-full e-flex e-con e-child\" data-id=\"bd61868\" data-element_type=\"container\" data-e-type=\"container\">\n\t\t\t\t<div class=\"elementor-element elementor-element-87560f5 elementor-widget elementor-widget-heading\" data-id=\"87560f5\" data-element_type=\"widget\" data-e-type=\"widget\" data-widget_type=\"heading.default\">\n\t\t\t\t<div class=\"elementor-widget-container\">\n\t\t\t\t\t<p class=\"elementor-heading-title elementor-size-default\">Frischluftmodus (\u25cf Wei\u00dflicht dauerhaft): F\u00fchrt frische Au\u00dfenluft zu und filtert PM2.5.\nAbluftmodus (\u25cf Gelblicht an | durchschnittliche Luftqualit\u00e4t): Erh\u00f6ht automatisch den Luftstrom, um verbrauchte Innenluft abzutransportieren.\nIntensiv-Abluftmodus (\u25cf Rotlicht an | schlechte Luftqualit\u00e4t): Der leistungsst\u00e4rkste Modus f\u00fcr schnellen Luftaustausch und Notfallreinigung.<\/p>\t\t\t\t<\/div>\n\t\t\t\t<\/div>\n\t\t\t\t<\/div>\n\t\t\t\t\t<\/div>\n\t\t\t\t<\/div>\n\t\t<div class=\"elementor-element elementor-element-e04da03 e-flex e-con-boxed e-con e-parent\" data-id=\"e04da03\" data-element_type=\"container\" data-e-type=\"container\">\n\t\t\t\t\t<div class=\"e-con-inner\">\n\t\t<div class=\"elementor-element elementor-element-ad6f2b6 e-con-full e-flex e-con e-child\" data-id=\"ad6f2b6\" data-element_type=\"container\" data-e-type=\"container\">\n\t\t\t\t<div class=\"elementor-element elementor-element-d754af3 elementor-widget elementor-widget-heading\" data-id=\"d754af3\" data-element_type=\"widget\" data-e-type=\"widget\" data-widget_type=\"heading.default\">\n\t\t\t\t<div class=\"elementor-widget-container\">\n\t\t\t\t\t<h2 class=\"elementor-heading-title elementor-size-default\">Bioling Linxifeng\u2122 \u2013 Bionische Windtechnologie<\/h2>\t\t\t\t<\/div>\n\t\t\t\t<\/div>\n\t\t\t\t<div class=\"elementor-element elementor-element-5610b45 elementor-widget elementor-widget-text-editor\" data-id=\"5610b45\" data-element_type=\"widget\" data-e-type=\"widget\" data-widget_type=\"text-editor.default\">\n\t\t\t\t<div class=\"elementor-widget-container\">\n\t\t\t\t\t\t\t\t\t<p>Simuliert nat\u00fcrliche, sanfte Brisen ohne direkte Luftzugerscheinungen.<\/p>\t\t\t\t\t\t\t\t<\/div>\n\t\t\t\t<\/div>\n\t\t\t\t<\/div>\n\t\t<div class=\"elementor-element elementor-element-b1d7b46 e-con-full e-flex e-con e-child\" data-id=\"b1d7b46\" data-element_type=\"container\" data-e-type=\"container\" data-settings=\"{&quot;background_background&quot;:&quot;classic&quot;}\">\n\t\t\t\t<\/div>\n\t\t\t\t\t<\/div>\n\t\t\t\t<\/div>\n\t\t<div class=\"elementor-element elementor-element-60a9263 e-flex e-con-boxed e-con e-parent\" data-id=\"60a9263\" data-element_type=\"container\" data-e-type=\"container\">\n\t\t\t\t\t<div class=\"e-con-inner\">\n\t\t<div class=\"elementor-element elementor-element-d25511b e-con-full e-flex e-con e-child\" data-id=\"d25511b\" data-element_type=\"container\" data-e-type=\"container\">\n\t\t\t\t<div class=\"elementor-element elementor-element-fdccba9 elementor-widget elementor-widget-heading\" data-id=\"fdccba9\" data-element_type=\"widget\" data-e-type=\"widget\" data-widget_type=\"heading.default\">\n\t\t\t\t<div class=\"elementor-widget-container\">\n\t\t\t\t\t<h2 class=\"elementor-heading-title elementor-size-default\">Hoher Luftdurchsatz<\/h2>\t\t\t\t<\/div>\n\t\t\t\t<\/div>\n\t\t\t\t<\/div>\n\t\t<div class=\"elementor-element elementor-element-2575101 e-con-full e-flex e-con e-child\" data-id=\"2575101\" data-element_type=\"container\" data-e-type=\"container\">\n\t\t\t\t<div class=\"elementor-element elementor-element-3de2ebc elementor-widget elementor-widget-heading\" data-id=\"3de2ebc\" data-element_type=\"widget\" data-e-type=\"widget\" data-widget_type=\"heading.default\">\n\t\t\t\t<div class=\"elementor-widget-container\">\n\t\t\t\t\t<p class=\"elementor-heading-title elementor-size-default\">320 m\u00b3\/h, geeignet f\u00fcr Fl\u00e4chen von 80\u2013100 m\u00b2.\n*(F\u00fcr das Modell S7: Hoher Luftdurchsatz von 320 m\u00b3\/h; f\u00fcr das Modell S7 Pro: Frischluftzufuhr 156 m\u00b3\/h, Abluftvolumen 198 m\u00b3\/h)*<\/p>\t\t\t\t<\/div>\n\t\t\t\t<\/div>\n\t\t\t\t<\/div>\n\t\t\t\t\t<\/div>\n\t\t\t\t<\/div>\n\t\t<div class=\"elementor-element elementor-element-e596ad6 e-flex e-con-boxed e-con e-parent\" data-id=\"e596ad6\" data-element_type=\"container\" data-e-type=\"container\">\n\t\t\t\t\t<div class=\"e-con-inner\">\n\t\t<div class=\"elementor-element elementor-element-f11518f e-con-full e-flex e-con e-child\" data-id=\"f11518f\" data-element_type=\"container\" data-e-type=\"container\">\n\t\t\t\t<div class=\"elementor-element elementor-element-284f3a7 elementor-widget elementor-widget-heading\" data-id=\"284f3a7\" data-element_type=\"widget\" data-e-type=\"widget\" data-widget_type=\"heading.default\">\n\t\t\t\t<div class=\"elementor-widget-container\">\n\t\t\t\t\t<h2 class=\"elementor-heading-title elementor-size-default\">Ger\u00e4uscharm<\/h2>\t\t\t\t<\/div>\n\t\t\t\t<\/div>\n\t\t\t\t<div class=\"elementor-element elementor-element-5768151 elementor-widget elementor-widget-text-editor\" data-id=\"5768151\" data-element_type=\"widget\" data-e-type=\"widget\" data-widget_type=\"text-editor.default\">\n\t\t\t\t<div class=\"elementor-widget-container\">\n\t\t\t\t\t\t\t\t\t<p>25\u201328 dB \u2013 branchenf\u00fchrend leise.\nDank des \u201eger\u00e4uschlosen und unauff\u00e4lligen Betriebs\u201c ideal f\u00fcr ger\u00e4uschempfindliche Bereiche wie Schlafzimmer und B\u00fcros geeignet.<\/p>\t\t\t\t\t\t\t\t<\/div>\n\t\t\t\t<\/div>\n\t\t\t\t<\/div>\n\t\t<div class=\"elementor-element elementor-element-7e0eb40 e-con-full e-flex e-con e-child\" data-id=\"7e0eb40\" data-element_type=\"container\" data-e-type=\"container\" data-settings=\"{&quot;background_background&quot;:&quot;classic&quot;}\">\n\t\t\t\t<\/div>\n\t\t\t\t\t<\/div>\n\t\t\t\t<\/div>\n\t\t<div class=\"elementor-element elementor-element-6ab2428 e-flex e-con-boxed e-con e-parent\" data-id=\"6ab2428\" data-element_type=\"container\" data-e-type=\"container\">\n\t\t\t\t\t<div class=\"e-con-inner\">\n\t\t<div class=\"elementor-element elementor-element-9d55b71 e-con-full e-flex e-con e-child\" data-id=\"9d55b71\" data-element_type=\"container\" data-e-type=\"container\">\n\t\t\t\t<div class=\"elementor-element elementor-element-705b530 elementor-widget elementor-widget-heading\" data-id=\"705b530\" data-element_type=\"widget\" data-e-type=\"widget\" data-widget_type=\"heading.default\">\n\t\t\t\t<div class=\"elementor-widget-container\">\n\t\t\t\t\t<h2 class=\"elementor-heading-title elementor-size-default\">Magnetblende<\/h2>\t\t\t\t<\/div>\n\t\t\t\t<\/div>\n\t\t\t\t<div class=\"elementor-element elementor-element-b842f8a elementor-widget elementor-widget-text-editor\" data-id=\"b842f8a\" data-element_type=\"widget\" data-e-type=\"widget\" data-widget_type=\"text-editor.default\">\n\t\t\t\t<div class=\"elementor-widget-container\">\n\t\t\t\t\t\t\t\t\t<p>Einfache Montage und Demontage f\u00fcr einen m\u00fchelosen Filterwechsel.<\/p>\t\t\t\t\t\t\t\t<\/div>\n\t\t\t\t<\/div>\n\t\t\t\t<\/div>\n\t\t<div class=\"elementor-element elementor-element-d38d063 e-con-full e-flex e-con e-child\" data-id=\"d38d063\" data-element_type=\"container\" data-e-type=\"container\" data-settings=\"{&quot;background_background&quot;:&quot;classic&quot;}\">\n\t\t\t\t<\/div>\n\t\t\t\t\t<\/div>\n\t\t\t\t<\/div>\n\t\t<div class=\"elementor-element elementor-element-00fa3d3 e-flex e-con-boxed e-con e-parent\" data-id=\"00fa3d3\" data-element_type=\"container\" data-e-type=\"container\">\n\t\t\t\t\t<div class=\"e-con-inner\">\n\t\t<div class=\"elementor-element elementor-element-8c8403b e-con-full e-flex e-con e-child\" data-id=\"8c8403b\" data-element_type=\"container\" data-e-type=\"container\">\n\t\t\t\t<div class=\"elementor-element elementor-element-c8ed8a8 elementor-widget elementor-widget-heading\" data-id=\"c8ed8a8\" data-element_type=\"widget\" data-e-type=\"widget\" data-widget_type=\"heading.default\">\n\t\t\t\t<div class=\"elementor-widget-container\">\n\t\t\t\t\t<h2 class=\"elementor-heading-title elementor-size-default\">HEPA-Filterreinigung<\/h2>\t\t\t\t<\/div>\n\t\t\t\t<\/div>\n\t\t\t\t<\/div>\n\t\t<div class=\"elementor-element elementor-element-5da1703 e-con-full e-flex e-con e-child\" data-id=\"5da1703\" data-element_type=\"container\" data-e-type=\"container\">\n\t\t\t\t<div class=\"elementor-element elementor-element-6d8eb5f elementor-widget elementor-widget-heading\" data-id=\"6d8eb5f\" data-element_type=\"widget\" data-e-type=\"widget\" data-widget_type=\"heading.default\">\n\t\t\t\t<div class=\"elementor-widget-container\">\n\t\t\t\t\t<p class=\"elementor-heading-title elementor-size-default\">Mehrstufige Filterung + geruchsneutralisierende Wirkstoffe \u2013 f\u00fcr die effektive Entfernung von Formaldehyd und Feinstaub (PM2.5).<\/p>\t\t\t\t<\/div>\n\t\t\t\t<\/div>\n\t\t\t\t<\/div>\n\t\t\t\t\t<\/div>\n\t\t\t\t<\/div>\n\t\t\t\t<\/div>","protected":false},"excerpt":{"rendered":"<p>Core Technology Breathe Smarter, Not Harder. Intelligent air management with laser-accurate control for effortless peace of mind Hidden Frameless Design Integrates seamlessly with the ceiling, presenting a minimalist aesthetic. Intelligent Air Manager: Air sensor + LOGO light indicator Fresh Air Mode (\u25cf White light always on): Delivers fresh air and filters PM2.5. Exhaust Mode (\u25cf [&hellip;]<\/p>\n","protected":false},"author":1,"featured_media":0,"parent":0,"menu_order":0,"comment_status":"closed","ping_status":"closed","template":"","meta":{"_eb_attr":"","site-sidebar-layout":"no-sidebar","site-content-layout":"page-builder","ast-site-content-layout":"full-width-container","site-content-style":"default","site-sidebar-style":"default","ast-global-header-display":"","ast-banner-title-visibility":"","ast-main-header-display":"","ast-hfb-above-header-display":"","ast-hfb-below-header-display":"","ast-hfb-mobile-header-display":"","site-post-title":"disabled","ast-breadcrumbs-content":"","ast-featured-img":"disabled","footer-sml-layout":"","ast-disable-related-posts":"","theme-transparent-header-meta":"default","adv-header-id-meta":"","stick-header-meta":"","header-above-stick-meta":"","header-main-stick-meta":"","header-below-stick-meta":"","astra-migrate-meta-layouts":"set","ast-page-background-enabled":"default","ast-page-background-meta":{"desktop":{"background-color":"","background-image":"","background-repeat":"repeat","background-position":"center center","background-size":"auto","background-attachment":"scroll","background-type":"","background-media":"","overlay-type":"","overlay-color":"","overlay-opacity":"","overlay-gradient":""},"tablet":{"background-color":"","background-image":"","background-repeat":"repeat","background-position":"center center","background-size":"auto","background-attachment":"scroll","background-type":"","background-media":"","overlay-type":"","overlay-color":"","overlay-opacity":"","overlay-gradient":""},"mobile":{"background-color":"","background-image":"","background-repeat":"repeat","background-position":"center center","background-size":"auto","background-attachment":"scroll","background-type":"","background-media":"","overlay-type":"","overlay-color":"","overlay-opacity":"","overlay-gradient":""}},"ast-content-background-meta":{"desktop":{"background-color":"var(--ast-global-color-5)","background-image":"","background-repeat":"repeat","background-position":"center center","background-size":"auto","background-attachment":"scroll","background-type":"","background-media":"","overlay-type":"","overlay-color":"","overlay-opacity":"","overlay-gradient":""},"tablet":{"background-color":"var(--ast-global-color-5)","background-image":"","background-repeat":"repeat","background-position":"center center","background-size":"auto","background-attachment":"scroll","background-type":"","background-media":"","overlay-type":"","overlay-color":"","overlay-opacity":"","overlay-gradient":""},"mobile":{"background-color":"var(--ast-global-color-5)","background-image":"","background-repeat":"repeat","background-position":"center center","background-size":"auto","background-attachment":"scroll","background-type":"","background-media":"","overlay-type":"","overlay-color":"","overlay-opacity":"","overlay-gradient":""}},"footnotes":""},"class_list":["post-1778","page","type-page","status-publish","hentry"],"yoast_head":"<!-- This site is optimized with the Yoast SEO plugin v27.4 - https:\/\/yoast.com\/product\/yoast-seo-wordpress\/ -->\n<title>VOV Core Technology \u2013 Smart Air Management<\/title>\n<meta name=\"description\" content=\"VOV Core Technology delivers intelligent air management with HEPA filtration, bi-directional airflow, and bionic wind design for cleaner, healthier indoor air.\" \/>\n<meta name=\"robots\" content=\"index, follow, max-snippet:-1, max-image-preview:large, max-video-preview:-1\" \/>\n<link rel=\"canonical\" href=\"https:\/\/vovsmart.com\/de\/core-technology\/\" \/>\n<meta property=\"og:locale\" content=\"de_DE\" \/>\n<meta property=\"og:type\" content=\"article\" \/>\n<meta property=\"og:title\" content=\"VOV Core Technology \u2013 Smart Air Management\" \/>\n<meta property=\"og:description\" content=\"VOV Core Technology delivers intelligent air management with HEPA filtration, bi-directional airflow, and bionic wind design for cleaner, healthier indoor air.\" \/>\n<meta property=\"og:url\" content=\"https:\/\/vovsmart.com\/de\/core-technology\/\" \/>\n<meta property=\"og:site_name\" content=\"VOV\" \/>\n<meta property=\"article:publisher\" content=\"https:\/\/www.facebook.com\/profile.php?id=61578579355163&amp;mibextid=ZbWKwL\" \/>\n<meta property=\"article:modified_time\" content=\"2026-03-13T00:31:29+00:00\" \/>\n<meta name=\"twitter:card\" content=\"summary_large_image\" \/>\n<meta name=\"twitter:label1\" content=\"Gesch\u00e4tzte Lesezeit\" \/>\n\t<meta name=\"twitter:data1\" content=\"1\u00a0Minute\" \/>\n<script type=\"application\/ld+json\" class=\"yoast-schema-graph\">{\"@context\":\"https:\\\/\\\/schema.org\",\"@graph\":[{\"@type\":\"WebPage\",\"@id\":\"https:\\\/\\\/vovsmart.com\\\/core-technology\\\/\",\"url\":\"https:\\\/\\\/vovsmart.com\\\/core-technology\\\/\",\"name\":\"VOV Core Technology \u2013 Smart Air Management\",\"isPartOf\":{\"@id\":\"https:\\\/\\\/vovsmart.com\\\/#website\"},\"datePublished\":\"2025-12-26T05:56:46+00:00\",\"dateModified\":\"2026-03-13T00:31:29+00:00\",\"description\":\"VOV Core Technology delivers intelligent air management with HEPA filtration, bi-directional airflow, and bionic wind design for cleaner, healthier indoor air.\",\"breadcrumb\":{\"@id\":\"https:\\\/\\\/vovsmart.com\\\/core-technology\\\/#breadcrumb\"},\"inLanguage\":\"de\",\"potentialAction\":[{\"@type\":\"ReadAction\",\"target\":[\"https:\\\/\\\/vovsmart.com\\\/core-technology\\\/\"]}]},{\"@type\":\"BreadcrumbList\",\"@id\":\"https:\\\/\\\/vovsmart.com\\\/core-technology\\\/#breadcrumb\",\"itemListElement\":[{\"@type\":\"ListItem\",\"position\":1,\"name\":\"Home\",\"item\":\"https:\\\/\\\/vovsmart.com\\\/\"},{\"@type\":\"ListItem\",\"position\":2,\"name\":\"Core Technology\"}]},{\"@type\":\"WebSite\",\"@id\":\"https:\\\/\\\/vovsmart.com\\\/#website\",\"url\":\"https:\\\/\\\/vovsmart.com\\\/\",\"name\":\"VOV\",\"description\":\"\",\"publisher\":{\"@id\":\"https:\\\/\\\/vovsmart.com\\\/#organization\"},\"potentialAction\":[{\"@type\":\"SearchAction\",\"target\":{\"@type\":\"EntryPoint\",\"urlTemplate\":\"https:\\\/\\\/vovsmart.com\\\/?s={search_term_string}\"},\"query-input\":{\"@type\":\"PropertyValueSpecification\",\"valueRequired\":true,\"valueName\":\"search_term_string\"}}],\"inLanguage\":\"de\"},{\"@type\":\"Organization\",\"@id\":\"https:\\\/\\\/vovsmart.com\\\/#organization\",\"name\":\"VOV\",\"url\":\"https:\\\/\\\/vovsmart.com\\\/\",\"logo\":{\"@type\":\"ImageObject\",\"inLanguage\":\"de\",\"@id\":\"https:\\\/\\\/vovsmart.com\\\/#\\\/schema\\\/logo\\\/image\\\/\",\"url\":\"https:\\\/\\\/vovsmart.com\\\/wp-content\\\/uploads\\\/2025\\\/12\\\/logo\u5b9a\u7a3f111.png\",\"contentUrl\":\"https:\\\/\\\/vovsmart.com\\\/wp-content\\\/uploads\\\/2025\\\/12\\\/logo\u5b9a\u7a3f111.png\",\"width\":1756,\"height\":496,\"caption\":\"VOV\"},\"image\":{\"@id\":\"https:\\\/\\\/vovsmart.com\\\/#\\\/schema\\\/logo\\\/image\\\/\"},\"sameAs\":[\"https:\\\/\\\/www.facebook.com\\\/profile.php?id=61578579355163&mibextid=ZbWKwL\"]}]}<\/script>\n<!-- \/ Yoast SEO plugin. -->","yoast_head_json":{"title":"VOV Core-Technologie \u2013 Intelligentes Luftmanagement","description":"Die VOV Core-Technologie bietet intelligentes Luftmanagement mit HEPA-Filtration, bidirektionalem Luftstrom und bionischem Winddesign f\u00fcr sauberere und ges\u00fcndere Raumluft.","robots":{"index":"index","follow":"follow","max-snippet":"max-snippet:-1","max-image-preview":"max-image-preview:large","max-video-preview":"max-video-preview:-1"},"canonical":"https:\/\/vovsmart.com\/de\/core-technology\/","og_locale":"de_DE","og_type":"article","og_title":"VOV Core Technology \u2013 Smart Air Management","og_description":"VOV Core Technology delivers intelligent air management with HEPA filtration, bi-directional airflow, and bionic wind design for cleaner, healthier indoor air.","og_url":"https:\/\/vovsmart.com\/de\/core-technology\/","og_site_name":"VOV","article_publisher":"https:\/\/www.facebook.com\/profile.php?id=61578579355163&mibextid=ZbWKwL","article_modified_time":"2026-03-13T00:31:29+00:00","twitter_card":"summary_large_image","twitter_misc":{"Gesch\u00e4tzte Lesezeit":"1\u00a0Minute"},"schema":{"@context":"https:\/\/schema.org","@graph":[{"@type":"WebPage","@id":"https:\/\/vovsmart.com\/core-technology\/","url":"https:\/\/vovsmart.com\/core-technology\/","name":"VOV Core-Technologie \u2013 Intelligentes Luftmanagement","isPartOf":{"@id":"https:\/\/vovsmart.com\/#website"},"datePublished":"2025-12-26T05:56:46+00:00","dateModified":"2026-03-13T00:31:29+00:00","description":"Die VOV Core-Technologie bietet intelligentes Luftmanagement mit HEPA-Filtration, bidirektionalem Luftstrom und bionischem Winddesign f\u00fcr sauberere und ges\u00fcndere Raumluft.","breadcrumb":{"@id":"https:\/\/vovsmart.com\/core-technology\/#breadcrumb"},"inLanguage":"de","potentialAction":[{"@type":"ReadAction","target":["https:\/\/vovsmart.com\/core-technology\/"]}]},{"@type":"BreadcrumbList","@id":"https:\/\/vovsmart.com\/core-technology\/#breadcrumb","itemListElement":[{"@type":"ListItem","position":1,"name":"Home","item":"https:\/\/vovsmart.com\/"},{"@type":"ListItem","position":2,"name":"Core Technology"}]},{"@type":"WebSite","@id":"https:\/\/vovsmart.com\/#website","url":"https:\/\/vovsmart.com\/","name":"VOV","description":"","publisher":{"@id":"https:\/\/vovsmart.com\/#organization"},"potentialAction":[{"@type":"SearchAction","target":{"@type":"EntryPoint","urlTemplate":"https:\/\/vovsmart.com\/?s={search_term_string}"},"query-input":{"@type":"PropertyValueSpecification","valueRequired":true,"valueName":"search_term_string"}}],"inLanguage":"de"},{"@type":"Organization","@id":"https:\/\/vovsmart.com\/#organization","name":"VOV","url":"https:\/\/vovsmart.com\/","logo":{"@type":"ImageObject","inLanguage":"de","@id":"https:\/\/vovsmart.com\/#\/schema\/logo\/image\/","url":"https:\/\/vovsmart.com\/wp-content\/uploads\/2025\/12\/logo\u5b9a\u7a3f111.png","contentUrl":"https:\/\/vovsmart.com\/wp-content\/uploads\/2025\/12\/logo\u5b9a\u7a3f111.png","width":1756,"height":496,"caption":"VOV"},"image":{"@id":"https:\/\/vovsmart.com\/#\/schema\/logo\/image\/"},"sameAs":["https:\/\/www.facebook.com\/profile.php?id=61578579355163&mibextid=ZbWKwL"]}]}},"_links":{"self":[{"href":"https:\/\/vovsmart.com\/de\/wp-json\/wp\/v2\/pages\/1778","targetHints":{"allow":["GET"]}}],"collection":[{"href":"https:\/\/vovsmart.com\/de\/wp-json\/wp\/v2\/pages"}],"about":[{"href":"https:\/\/vovsmart.com\/de\/wp-json\/wp\/v2\/types\/page"}],"author":[{"embeddable":true,"href":"https:\/\/vovsmart.com\/de\/wp-json\/wp\/v2\/users\/1"}],"replies":[{"embeddable":true,"href":"https:\/\/vovsmart.com\/de\/wp-json\/wp\/v2\/comments?post=1778"}],"version-history":[{"count":41,"href":"https:\/\/vovsmart.com\/de\/wp-json\/wp\/v2\/pages\/1778\/revisions"}],"predecessor-version":[{"id":3429,"href":"https:\/\/vovsmart.com\/de\/wp-json\/wp\/v2\/pages\/1778\/revisions\/3429"}],"wp:attachment":[{"href":"https:\/\/vovsmart.com\/de\/wp-json\/wp\/v2\/media?parent=1778"}],"curies":[{"name":"wp","href":"https:\/\/api.w.org\/{rel}","templated":true}]}}