{"id":935,"date":"2025-11-29T12:54:51","date_gmt":"2025-11-29T12:54:51","guid":{"rendered":"https:\/\/vovsmart.com\/?post_type=product&#038;p=935"},"modified":"2026-04-08T08:22:50","modified_gmt":"2026-04-08T08:22:50","slug":"s7-pro-fresh-air-ventilator","status":"publish","type":"product","link":"https:\/\/vovsmart.com\/fr\/product\/s7-pro-fresh-air-ventilator\/","title":{"rendered":"S7 Pro Ventilateur d'air frais"},"content":{"rendered":"","protected":false},"excerpt":{"rendered":"<p><strong>Ventilateur d'air frais bidirectionnel Smart System<\/strong><\/p>\n<p>- Fonctionnalit\u00e9 combin\u00e9e d'\u00e9chappement et d'admission<\/p>\n<p>- Admission d'air : 198 m\u00b3\/h, \u00e9chappement d'air : 156 m\u00b3\/h<\/p>\n<p>- Syst\u00e8me de ventilation intelligent pour l'ensemble de la maison<\/p>\n<p>- Filtre HEPA H13<\/p>\n<p>- Fonctionnement ultra-silencieux \u00e0 36 dB<\/p>\n<p>- Dimensions : 105 \u00d7 300 mm<\/p>","protected":false},"featured_media":2765,"comment_status":"open","ping_status":"closed","template":"","meta":{"_eb_attr":"","site-sidebar-layout":"no-sidebar","site-content-layout":"page-builder","ast-site-content-layout":"full-width-container","site-content-style":"default","site-sidebar-style":"default","ast-global-header-display":"","ast-banner-title-visibility":"","ast-main-header-display":"","ast-hfb-above-header-display":"","ast-hfb-below-header-display":"","ast-hfb-mobile-header-display":"","site-post-title":"","ast-breadcrumbs-content":"","ast-featured-img":"disabled","footer-sml-layout":"","ast-disable-related-posts":"","theme-transparent-header-meta":"default","adv-header-id-meta":"","stick-header-meta":"","header-above-stick-meta":"","header-main-stick-meta":"","header-below-stick-meta":"","astra-migrate-meta-layouts":"set","ast-page-background-enabled":"default","ast-page-background-meta":{"desktop":{"background-color":"","background-image":"","background-repeat":"repeat","background-position":"center center","background-size":"auto","background-attachment":"scroll","background-type":"","background-media":"","overlay-type":"","overlay-color":"","overlay-opacity":"","overlay-gradient":""},"tablet":{"background-color":"","background-image":"","background-repeat":"repeat","background-position":"center center","background-size":"auto","background-attachment":"scroll","background-type":"","background-media":"","overlay-type":"","overlay-color":"","overlay-opacity":"","overlay-gradient":""},"mobile":{"background-color":"","background-image":"","background-repeat":"repeat","background-position":"center center","background-size":"auto","background-attachment":"scroll","background-type":"","background-media":"","overlay-type":"","overlay-color":"","overlay-opacity":"","overlay-gradient":""}},"ast-content-background-meta":{"desktop":{"background-color":"var(--ast-global-color-5)","background-image":"","background-repeat":"repeat","background-position":"center center","background-size":"auto","background-attachment":"scroll","background-type":"","background-media":"","overlay-type":"","overlay-color":"","overlay-opacity":"","overlay-gradient":""},"tablet":{"background-color":"var(--ast-global-color-5)","background-image":"","background-repeat":"repeat","background-position":"center center","background-size":"auto","background-attachment":"scroll","background-type":"","background-media":"","overlay-type":"","overlay-color":"","overlay-opacity":"","overlay-gradient":""},"mobile":{"background-color":"var(--ast-global-color-5)","background-image":"","background-repeat":"repeat","background-position":"center center","background-size":"auto","background-attachment":"scroll","background-type":"","background-media":"","overlay-type":"","overlay-color":"","overlay-opacity":"","overlay-gradient":""}}},"product_brand":[],"product_cat":[22],"product_tag":[],"class_list":{"0":"post-935","1":"product","2":"type-product","3":"status-publish","4":"has-post-thumbnail","6":"product_cat-s-7-pro-air","7":"product_shipping_class-weight","8":"desktop-align-left","9":"tablet-align-left","10":"mobile-align-left","12":"first","13":"instock","14":"taxable","15":"shipping-taxable","16":"purchasable","17":"product-type-variable"},"yoast_head":"<!-- This site is optimized with the Yoast SEO plugin v27.4 - https:\/\/yoast.com\/product\/yoast-seo-wordpress\/ -->\n<title>VOV S7 Pro Fresh Air Ventilator<\/title>\n<meta name=\"description\" content=\"VOV S7 Pro Fresh Air Ventilator with bi-directional airflow, HEPA H13 filter and APP remote control, removing formaldehyde and odors for whole-house fresh air.\" \/>\n<meta name=\"robots\" content=\"index, follow, max-snippet:-1, max-image-preview:large, max-video-preview:-1\" \/>\n<link rel=\"canonical\" href=\"https:\/\/vovsmart.com\/fr\/produit\/s7-pro-fresh-air-ventilator\/\" \/>\n<meta property=\"og:locale\" content=\"fr_FR\" \/>\n<meta property=\"og:type\" content=\"article\" \/>\n<meta property=\"og:title\" content=\"VOV S7 Pro Fresh Air Ventilator\" \/>\n<meta property=\"og:description\" content=\"VOV S7 Pro Fresh Air Ventilator with bi-directional airflow, HEPA H13 filter and APP remote control, removing formaldehyde and odors for whole-house fresh air.\" \/>\n<meta property=\"og:url\" content=\"https:\/\/vovsmart.com\/fr\/produit\/s7-pro-fresh-air-ventilator\/\" \/>\n<meta property=\"og:site_name\" content=\"VOV\" \/>\n<meta property=\"article:publisher\" content=\"https:\/\/www.facebook.com\/profile.php?id=61578579355163&amp;mibextid=ZbWKwL\" \/>\n<meta property=\"article:modified_time\" content=\"2026-04-08T08:22:50+00:00\" \/>\n<meta property=\"og:image\" content=\"https:\/\/vovsmart.com\/wp-content\/uploads\/2025\/11\/s7pro-\u5916\u8d38\u4e3b\u56fe.jpg\" \/>\n\t<meta property=\"og:image:width\" content=\"1500\" \/>\n\t<meta property=\"og:image:height\" content=\"1500\" \/>\n\t<meta property=\"og:image:type\" content=\"image\/jpeg\" \/>\n<meta name=\"twitter:card\" content=\"summary_large_image\" \/>\n<meta name=\"twitter:label1\" content=\"Dur\u00e9e de lecture estim\u00e9e\" \/>\n\t<meta name=\"twitter:data1\" content=\"1 minute\" \/>\n<script type=\"application\/ld+json\" class=\"yoast-schema-graph\">{\"@context\":\"https:\\\/\\\/schema.org\",\"@graph\":[{\"@type\":\"WebPage\",\"@id\":\"https:\\\/\\\/vovsmart.com\\\/product\\\/s7-pro-fresh-air-ventilator\\\/\",\"url\":\"https:\\\/\\\/vovsmart.com\\\/product\\\/s7-pro-fresh-air-ventilator\\\/\",\"name\":\"VOV S7 Pro Fresh Air Ventilator\",\"isPartOf\":{\"@id\":\"https:\\\/\\\/vovsmart.com\\\/#website\"},\"primaryImageOfPage\":{\"@id\":\"https:\\\/\\\/vovsmart.com\\\/product\\\/s7-pro-fresh-air-ventilator\\\/#primaryimage\"},\"image\":{\"@id\":\"https:\\\/\\\/vovsmart.com\\\/product\\\/s7-pro-fresh-air-ventilator\\\/#primaryimage\"},\"thumbnailUrl\":\"https:\\\/\\\/vovsmart.com\\\/wp-content\\\/uploads\\\/2025\\\/11\\\/s7pro-\u5916\u8d38\u4e3b\u56fe.jpg\",\"datePublished\":\"2025-11-29T12:54:51+00:00\",\"dateModified\":\"2026-04-08T08:22:50+00:00\",\"description\":\"VOV S7 Pro Fresh Air Ventilator with bi-directional airflow, HEPA H13 filter and APP remote control, removing formaldehyde and odors for whole-house fresh air.\",\"breadcrumb\":{\"@id\":\"https:\\\/\\\/vovsmart.com\\\/product\\\/s7-pro-fresh-air-ventilator\\\/#breadcrumb\"},\"inLanguage\":\"fr-FR\",\"potentialAction\":[{\"@type\":\"ReadAction\",\"target\":[\"https:\\\/\\\/vovsmart.com\\\/product\\\/s7-pro-fresh-air-ventilator\\\/\"]}]},{\"@type\":\"ImageObject\",\"inLanguage\":\"fr-FR\",\"@id\":\"https:\\\/\\\/vovsmart.com\\\/product\\\/s7-pro-fresh-air-ventilator\\\/#primaryimage\",\"url\":\"https:\\\/\\\/vovsmart.com\\\/wp-content\\\/uploads\\\/2025\\\/11\\\/s7pro-\u5916\u8d38\u4e3b\u56fe.jpg\",\"contentUrl\":\"https:\\\/\\\/vovsmart.com\\\/wp-content\\\/uploads\\\/2025\\\/11\\\/s7pro-\u5916\u8d38\u4e3b\u56fe.jpg\",\"width\":1500,\"height\":1500,\"caption\":\"Front view of VOV S7 Pro fresh air ventilator with clean air outlet\"},{\"@type\":\"BreadcrumbList\",\"@id\":\"https:\\\/\\\/vovsmart.com\\\/product\\\/s7-pro-fresh-air-ventilator\\\/#breadcrumb\",\"itemListElement\":[{\"@type\":\"ListItem\",\"position\":1,\"name\":\"Home\",\"item\":\"https:\\\/\\\/vovsmart.com\\\/\"},{\"@type\":\"ListItem\",\"position\":2,\"name\":\"Products\",\"item\":\"https:\\\/\\\/vovsmart.com\\\/products\\\/\"},{\"@type\":\"ListItem\",\"position\":3,\"name\":\"S7 Pro Fresh air ventilator\"}]},{\"@type\":\"WebSite\",\"@id\":\"https:\\\/\\\/vovsmart.com\\\/#website\",\"url\":\"https:\\\/\\\/vovsmart.com\\\/\",\"name\":\"VOV\",\"description\":\"\",\"publisher\":{\"@id\":\"https:\\\/\\\/vovsmart.com\\\/#organization\"},\"potentialAction\":[{\"@type\":\"SearchAction\",\"target\":{\"@type\":\"EntryPoint\",\"urlTemplate\":\"https:\\\/\\\/vovsmart.com\\\/?s={search_term_string}\"},\"query-input\":{\"@type\":\"PropertyValueSpecification\",\"valueRequired\":true,\"valueName\":\"search_term_string\"}}],\"inLanguage\":\"fr-FR\"},{\"@type\":\"Organization\",\"@id\":\"https:\\\/\\\/vovsmart.com\\\/#organization\",\"name\":\"VOV\",\"url\":\"https:\\\/\\\/vovsmart.com\\\/\",\"logo\":{\"@type\":\"ImageObject\",\"inLanguage\":\"fr-FR\",\"@id\":\"https:\\\/\\\/vovsmart.com\\\/#\\\/schema\\\/logo\\\/image\\\/\",\"url\":\"https:\\\/\\\/vovsmart.com\\\/wp-content\\\/uploads\\\/2025\\\/12\\\/logo\u5b9a\u7a3f111.png\",\"contentUrl\":\"https:\\\/\\\/vovsmart.com\\\/wp-content\\\/uploads\\\/2025\\\/12\\\/logo\u5b9a\u7a3f111.png\",\"width\":1756,\"height\":496,\"caption\":\"VOV\"},\"image\":{\"@id\":\"https:\\\/\\\/vovsmart.com\\\/#\\\/schema\\\/logo\\\/image\\\/\"},\"sameAs\":[\"https:\\\/\\\/www.facebook.com\\\/profile.php?id=61578579355163&mibextid=ZbWKwL\"]}]}<\/script>\n<!-- \/ Yoast SEO plugin. -->","yoast_head_json":{"title":"Ventilateur d\u2019Air Frais VOV S7 Pro","description":"Ventilateur d\u2019Air Frais VOV S7 Pro avec flux d\u2019air bidirectionnel, filtre HEPA H13 et contr\u00f4le \u00e0 distance via application, \u00e9liminant le formald\u00e9hyde et les odeurs pour un air frais dans toute la maison.","robots":{"index":"index","follow":"follow","max-snippet":"max-snippet:-1","max-image-preview":"max-image-preview:large","max-video-preview":"max-video-preview:-1"},"canonical":"https:\/\/vovsmart.com\/fr\/produit\/s7-pro-fresh-air-ventilator\/","og_locale":"fr_FR","og_type":"article","og_title":"VOV S7 Pro Fresh Air Ventilator","og_description":"VOV S7 Pro Fresh Air Ventilator with bi-directional airflow, HEPA H13 filter and APP remote control, removing formaldehyde and odors for whole-house fresh air.","og_url":"https:\/\/vovsmart.com\/fr\/produit\/s7-pro-fresh-air-ventilator\/","og_site_name":"VOV","article_publisher":"https:\/\/www.facebook.com\/profile.php?id=61578579355163&mibextid=ZbWKwL","article_modified_time":"2026-04-08T08:22:50+00:00","og_image":[{"width":1500,"height":1500,"url":"https:\/\/vovsmart.com\/wp-content\/uploads\/2025\/11\/s7pro-\u5916\u8d38\u4e3b\u56fe.jpg","type":"image\/jpeg"}],"twitter_card":"summary_large_image","twitter_misc":{"Dur\u00e9e de lecture estim\u00e9e":"1 minute"},"schema":{"@context":"https:\/\/schema.org","@graph":[{"@type":"WebPage","@id":"https:\/\/vovsmart.com\/product\/s7-pro-fresh-air-ventilator\/","url":"https:\/\/vovsmart.com\/product\/s7-pro-fresh-air-ventilator\/","name":"Ventilateur d\u2019Air Frais VOV S7 Pro","isPartOf":{"@id":"https:\/\/vovsmart.com\/#website"},"primaryImageOfPage":{"@id":"https:\/\/vovsmart.com\/product\/s7-pro-fresh-air-ventilator\/#primaryimage"},"image":{"@id":"https:\/\/vovsmart.com\/product\/s7-pro-fresh-air-ventilator\/#primaryimage"},"thumbnailUrl":"https:\/\/vovsmart.com\/wp-content\/uploads\/2025\/11\/s7pro-\u5916\u8d38\u4e3b\u56fe.jpg","datePublished":"2025-11-29T12:54:51+00:00","dateModified":"2026-04-08T08:22:50+00:00","description":"Ventilateur d\u2019Air Frais VOV S7 Pro avec flux d\u2019air bidirectionnel, filtre HEPA H13 et contr\u00f4le \u00e0 distance via application, \u00e9liminant le formald\u00e9hyde et les odeurs pour un air frais dans toute la maison.","breadcrumb":{"@id":"https:\/\/vovsmart.com\/product\/s7-pro-fresh-air-ventilator\/#breadcrumb"},"inLanguage":"fr-FR","potentialAction":[{"@type":"ReadAction","target":["https:\/\/vovsmart.com\/product\/s7-pro-fresh-air-ventilator\/"]}]},{"@type":"ImageObject","inLanguage":"fr-FR","@id":"https:\/\/vovsmart.com\/product\/s7-pro-fresh-air-ventilator\/#primaryimage","url":"https:\/\/vovsmart.com\/wp-content\/uploads\/2025\/11\/s7pro-\u5916\u8d38\u4e3b\u56fe.jpg","contentUrl":"https:\/\/vovsmart.com\/wp-content\/uploads\/2025\/11\/s7pro-\u5916\u8d38\u4e3b\u56fe.jpg","width":1500,"height":1500,"caption":"Front view of VOV S7 Pro fresh air ventilator with clean air outlet"},{"@type":"BreadcrumbList","@id":"https:\/\/vovsmart.com\/product\/s7-pro-fresh-air-ventilator\/#breadcrumb","itemListElement":[{"@type":"ListItem","position":1,"name":"Home","item":"https:\/\/vovsmart.com\/"},{"@type":"ListItem","position":2,"name":"Products","item":"https:\/\/vovsmart.com\/products\/"},{"@type":"ListItem","position":3,"name":"S7 Pro Fresh air ventilator"}]},{"@type":"WebSite","@id":"https:\/\/vovsmart.com\/#website","url":"https:\/\/vovsmart.com\/","name":"VOV","description":"","publisher":{"@id":"https:\/\/vovsmart.com\/#organization"},"potentialAction":[{"@type":"SearchAction","target":{"@type":"EntryPoint","urlTemplate":"https:\/\/vovsmart.com\/?s={search_term_string}"},"query-input":{"@type":"PropertyValueSpecification","valueRequired":true,"valueName":"search_term_string"}}],"inLanguage":"fr-FR"},{"@type":"Organization","@id":"https:\/\/vovsmart.com\/#organization","name":"VOV","url":"https:\/\/vovsmart.com\/","logo":{"@type":"ImageObject","inLanguage":"fr-FR","@id":"https:\/\/vovsmart.com\/#\/schema\/logo\/image\/","url":"https:\/\/vovsmart.com\/wp-content\/uploads\/2025\/12\/logo\u5b9a\u7a3f111.png","contentUrl":"https:\/\/vovsmart.com\/wp-content\/uploads\/2025\/12\/logo\u5b9a\u7a3f111.png","width":1756,"height":496,"caption":"VOV"},"image":{"@id":"https:\/\/vovsmart.com\/#\/schema\/logo\/image\/"},"sameAs":["https:\/\/www.facebook.com\/profile.php?id=61578579355163&mibextid=ZbWKwL"]}]}},"_links":{"self":[{"href":"https:\/\/vovsmart.com\/fr\/wp-json\/wp\/v2\/product\/935","targetHints":{"allow":["GET"]}}],"collection":[{"href":"https:\/\/vovsmart.com\/fr\/wp-json\/wp\/v2\/product"}],"about":[{"href":"https:\/\/vovsmart.com\/fr\/wp-json\/wp\/v2\/types\/product"}],"replies":[{"embeddable":true,"href":"https:\/\/vovsmart.com\/fr\/wp-json\/wp\/v2\/comments?post=935"}],"version-history":[{"count":7,"href":"https:\/\/vovsmart.com\/fr\/wp-json\/wp\/v2\/product\/935\/revisions"}],"predecessor-version":[{"id":3070,"href":"https:\/\/vovsmart.com\/fr\/wp-json\/wp\/v2\/product\/935\/revisions\/3070"}],"wp:featuredmedia":[{"embeddable":true,"href":"https:\/\/vovsmart.com\/fr\/wp-json\/wp\/v2\/media\/2765"}],"wp:attachment":[{"href":"https:\/\/vovsmart.com\/fr\/wp-json\/wp\/v2\/media?parent=935"}],"wp:term":[{"taxonomy":"product_brand","embeddable":true,"href":"https:\/\/vovsmart.com\/fr\/wp-json\/wp\/v2\/product_brand?post=935"},{"taxonomy":"product_cat","embeddable":true,"href":"https:\/\/vovsmart.com\/fr\/wp-json\/wp\/v2\/product_cat?post=935"},{"taxonomy":"product_tag","embeddable":true,"href":"https:\/\/vovsmart.com\/fr\/wp-json\/wp\/v2\/product_tag?post=935"}],"curies":[{"name":"wp","href":"https:\/\/api.w.org\/{rel}","templated":true}]}}